{"id":107,"date":"2016-04-27T14:17:32","date_gmt":"2016-04-27T12:17:32","guid":{"rendered":"http:\/\/hallo-salzburg.at\/?page_id=107"},"modified":"2025-02-11T16:59:09","modified_gmt":"2025-02-11T15:59:09","slug":"impressum","status":"publish","type":"page","link":"https:\/\/hallo-salzburg.at\/index.php\/impressum\/","title":{"rendered":"Impressum"},"content":{"rendered":"<div id=\"fb-root\"><\/div>\n<p><strong>Impressum &amp; Offenlegung gem. \u00a7\u00a7 24, 25 Mediengesetz sowie Anbieteridentifizierung gem. \u00a7 5\/1 ECG:<\/strong><\/p>\n<p><strong>Medieninhaberin, Herausgeberin und Eigent\u00fcmerin (zu 100%)<\/strong><br \/>\nSozialdemokratische Partei \u00d6sterreichs &#8211; Landesorganisation Salzburg<br \/>\nWartelsteinstrasse 1<br \/>\nA-5020 Salzburg<\/p>\n<p>Kontakt:<br \/>\nTel. +43 662 42 45 00-0<br \/>\nFax +43 662 42 45 00-190<br \/>\neMail: <a href=\"mailto:webseite.salzburg@spoe.at\">webseite.salzburg@spoe.at<\/a><\/p>\n<p><strong>gf. Landesparteivorsitzende <\/strong>| Peter Eder, Barbara Th\u00f6ny, Bettina Brandauer<br \/>\n<strong>Landesparteigesch\u00e4ftsf\u00fchrer<\/strong> | Gerald Forcher<\/p>\n<p><strong>Grundlegende Richtung<br \/>\n<\/strong>Der World Wide Web Server der SP\u00d6 Salzburg mit hallo-salzburg.at ist ein Diskussions- und Informationsorgan der Sozialdemokratischen Partei \u00d6sterreichs, Landesorganisation Salzburg, und will einen Beitrag zum freien politischen Diskurs und zu einer umfassenden und kritischen Information der \u00d6ffentlichkeit leisten. Die SP\u00d6 Salzburg ist Medieninhaberin f\u00fcr die Artikel auf der Seite hallo-salzburg.at.<\/p>\n<p><strong>Gestaltung, Layout, Umsetzung<\/strong> | SP\u00d6 Salzburg<br \/>\n<strong>Webhosting<\/strong> | SP\u00d6 IT-Zentrum<br \/>\n<strong>Herstellungs- und Erscheinungsort<\/strong> | SP\u00d6, gemeinfrei; andernfalls bei den\u00a0 jeweiligen Beitr\u00e4gen angegeben.<br \/>\n<strong>Herstellungs- und Erscheinungsort<\/strong> | Salzburg<\/p>\n<p><strong><br \/>\nXXXXXXXXXXXXXX<\/strong><\/p>\n<p><strong>Datenschutzrichtlinie \/ Haftungsausschluss \/ Urheberrecht<\/strong><br \/>\nDie SP\u00d6 als Medieninhaberin bzw. Betreiberin dieser Website nimmt den Schutz personenbezogener Daten sehr ernst. Wir m\u00f6chten, dass Sie wissen, wann wir welche Daten speichern und wie wir sie verwenden. Wir haben technische und organisatorische Ma\u00dfnahmen getroffen, die sicherstellen, dass alle gesetzlichen Vorschriften zum Datenschutz eingehalten werden.<\/p>\n<p><strong>Mehr Informationen zu Datenschutz und Privatsph\u00e4re beim Besuch auf salzburg.spoe.at und deren Unterseiten:<\/strong><\/p>\n<p><strong>Personenbezogene Daten<\/strong><br \/>\nPersonenbezogene Daten sind Informationen, die Ihre Person betreffen. Darunter fallen Angaben wie Ihr richtiger Name, Adresse, Postanschrift, Telefonnummer. Informationen, die nicht direkt mit Ihrer wirklichen Identit\u00e4t in Verbindung gebracht werden k\u00f6nnen (wie zum Beispiel Verweildauer auf der Website oder Anzahl der Nutzer der Website), fallen nicht darunter. Die von Ihnen durchgef\u00fchrte Eingabe der personenbezogenen Daten im Rahmen der Nutzung unserer Website basiert ausschlie\u00dflich auf Freiwilligkeit. Der Nutzung von ver\u00f6ffentlichten Kontaktdaten (z.B. e-Mail Adressen von PolitikerInnen und Funktion\u00e4rInnen) durch Dritte zur \u00dcbersendung von nicht angeforderter Werbung und Informationsmaterialien wird hiermit ausdr\u00fccklich widersprochen. Die Betreiber der Seiten behalten sich rechtliche Schritte im Falle der unverlangten Zusendung von Werbeinformationen, etwa durch Spam-Mails, vor.<\/p>\n<p><strong>Weitergabe personenbezogener Informationen an Dritte<\/strong><br \/>\nWir geben Ihre Daten generell nicht an Dritte weiter. Alle Personen, die mit Ihren Daten arbeiten, sind an das \u00f6sterreichische Datenschutzgesetz (DSG) gebunden. Sollten wir gesetzlich oder per Gerichtsbeschluss dazu verpflichtet werden, geben wir Ihre Daten an auskunftsberechtigte Stellen weiter.<\/p>\n<p><strong>Widerspruchsrecht zur Datennutzung<\/strong><br \/>\nSie k\u00f6nnen nach dem Datenschutzgesetz als BetroffeneR der k\u00fcnftigen Nutzung Ihrer personenbezogenen Daten jederzeit widersprechen. Wenn Sie sich schriftlich oder elektronisch an einen unserer Kontakte wenden, werden wir Sie umgehend f\u00fcr diesen Informationsdienst sperren. Daneben haben Sie unter bestimmten Voraussetzungen ein Recht auf Berichtigung, Sperrung und L\u00f6schung der von uns gespeicherten Daten. Bitte teilen Sie uns Ihr Anliegen unter Angabe Ihrer vollst\u00e4ndigen Anschrift an <a href=\"mailto:salzburg@spoe.at\">salzburg@spoe.at<\/a> mit. Sie haben jederzeit das Recht, Auskunft \u00fcber Ihre von uns gespeicherten Daten und den Zweck der Speicherung zu erhalten.<\/p>\n<p><strong>Haftungsausschluss f\u00fcr Links<\/strong><br \/>\nUnser Angebot enth\u00e4lt Links zu externen Webseiten Dritter, auf deren Inhalte wir keinen Einfluss haben. Deshalb k\u00f6nnen wir f\u00fcr diese fremden Inhalte auch keine Gew\u00e4hr \u00fcbernehmen. F\u00fcr die Inhalte der verlinkten Seiten ist stets der jeweilige Anbieter oder Betreiber der Seiten verantwortlich. Die verlinkten Seiten wurden zum Zeitpunkt der Verlinkung auf m\u00f6gliche Rechtsverst\u00f6\u00dfe \u00fcberpr\u00fcft. Rechtswidrige Inhalte waren zum Zeitpunkt der Verlinkung nicht erkennbar. Eine permanente inhaltliche Kontrolle der verlinkten Seiten ist jedoch ohne konkrete Anhaltspunkte einer Rechtsverletzung nicht zumutbar. Bei Bekanntwerden von Rechtsverletzungen werden wir derartige Links umgehend entfernen.<\/p>\n<p><strong>Haftung f\u00fcr Inhalte<\/strong><br \/>\nDie Inhalte unserer Seiten wurden mit gr\u00f6\u00dfter Sorgfalt erstellt. F\u00fcr die Richtigkeit, Vollst\u00e4ndigkeit und Aktualit\u00e4t der Inhalte k\u00f6nnen wir jedoch keine Gew\u00e4hr \u00fcbernehmen. Als Diensteanbieter sind wir f\u00fcr eigene Inhalte auf diesen Seiten nach den allgemeinen Gesetzen verantwortlich. Nach \u00a7 16 ECG sind wir als Diensteanbieter jedoch nicht verpflichtet, \u00fcbermittelte oder gespeicherte fremde Informationen zu \u00fcberwachen oder nach Umst\u00e4nden zu forschen, die auf eine rechtswidrige T\u00e4tigkeit hinweisen. Verpflichtungen zur Entfernung oder Sperrung der Nutzung von Informationen nach den allgemeinen Gesetzen bleiben hiervon unber\u00fchrt. Eine diesbez\u00fcgliche Haftung ist jedoch erst ab dem Zeitpunkt der Kenntnis einer konkreten Rechtsverletzung m\u00f6glich. Bei bekannt werden von entsprechenden Rechtsverletzungen werden wir diese Inhalte umgehend entfernen.<\/p>\n<p><strong>Urheberrecht<\/strong><br \/>\nDie durch die Seitenbetreiber erstellten Inhalte und Werke auf diesen Seiten unterliegen dem \u00f6sterreichischen Urheberrecht. Die Vervielf\u00e4ltigung, Bearbeitung, Verbreitung und jede Art der Verwertung au\u00dferhalb der Grenzen des Urheberrechtes bed\u00fcrfen der schriftlichen Zustimmung des\/der jeweiligen Autors\/Autorin bzw. Erstellers\/Erstellerin. Soweit die Inhalte auf dieser Seite nicht vom Betreiber erstellt wurden, werden die Urheberrechte Dritter beachtet. Insbesondere werden Inhalte Dritter als solche gekennzeichnet. Sollten Sie trotzdem auf eine Urheberrechtsverletzung aufmerksam werden, bitten wir um einen entsprechenden Hinweis. Bei Bekanntwerden von Rechtsverletzungen werden wir derartige Inhalte umgehend entfernen.<\/p>\n<p><strong>Google Analytics<\/strong><br \/>\nDiese Website benutzt Google Analytics, einen Webanalysedienst der Google Inc. (\u201eGoogle\u201c). Google Analytics verwendet sog. \u201eCookies\u201c, Textdateien, die auf Ihrem Computer gespeichert werden und die eine Analyse der Benutzung der Website durch Sie erm\u00f6glichen. Die durch das Cookie erzeugten Informationen \u00fcber Ihre Benutzung dieser Website werden in der Regel an einen Server von Google in den USA \u00fcbertragen und dort gespeichert. Im Falle der Aktivierung der IP-Anonymisierung auf dieser Website, wird Ihre IP-Adresse von Google jedoch innerhalb von Mitgliedstaaten der Europ\u00e4ischen Union oder in anderen Vertragsstaaten des Abkommens \u00fcber den Europ\u00e4ischen Wirtschaftsraum zuvor gek\u00fcrzt. Nur in Ausnahmef\u00e4llen wird die volle IP-Adresse an einen Server von Google in den USA \u00fcbertragen und dort gek\u00fcrzt. Im Auftrag des Betreibers dieser Website wird Google diese Informationen benutzen, um Ihre Nutzung der Website auszuwerten, um Reports \u00fcber die Websiteaktivit\u00e4ten zusammenzustellen und um weitere mit der Websitenutzung und der Internetnutzung verbundene Dienstleistungen gegen\u00fcber dem Websitebetreiber zu erbringen. Die im Rahmen von Google Analytics von Ihrem Browser \u00fcbermittelte IP-Adresse wird nicht mit anderen Daten von Google zusammengef\u00fchrt. Sie k\u00f6nnen die Speicherung der Cookies durch eine entsprechende Einstellung Ihrer Browser-Software verhindern; wir weisen Sie jedoch darauf hin, dass Sie in diesem Fall gegebenenfalls nicht s\u00e4mtliche Funktionen dieser Website vollumf\u00e4nglich werden nutzen k\u00f6nnen. Sie k\u00f6nnen dar\u00fcber hinaus die Erfassung der durch das Cookie erzeugten und auf Ihre Nutzung der Website bezogenen Daten (inkl. Ihrer IP-Adresse) an Google sowie die Verarbeitung dieser Daten durch Google verhindern, indem Sie das unter dem folgenden Link (<a href=\"http:\/\/tools.google.com\/dlpage\/gaoptout?hl=de\" target=\"_blank\" rel=\"noopener noreferrer\">http:\/\/tools.google.com\/dlpage\/gaoptout?hl=de<\/a>) verf\u00fcgbare Browser-Plugin herunterladen und installieren.<\/p>\n<p>N\u00e4here Informationen zu Nutzungsbedingungen und Datenschutz finden Sie unter<a href=\"http:\/\/www.google.com\/analytics\/terms\/de.html\" target=\"_blank\" rel=\"noopener noreferrer\">http:\/\/www.google.com\/analytics\/terms\/de.html<\/a> bzw. unter\u00a0<a href=\"https:\/\/www.google.de\/intl\/de\/policies\/\" target=\"_blank\" rel=\"noopener noreferrer\">https:\/\/www.google.de\/intl\/de\/policies\/<\/a>. Wir weisen Sie darauf hin, dass auf dieser Website Google Analytics um den Code \u201eanonymizeIp\u201c erweitert wurde, um eine anonymisierte Erfassung von IP-Adressen (sog. IP-Masking) zu gew\u00e4hrleisten.<\/p>\n<p><strong>Fragen und Kommentare<\/strong><br \/>\nF\u00fcr Fragen, Anregungen oder Kommentare zum Thema Datenschutz und Haftung wenden Sie sich bitte an\u00a0<a href=\"mailto:salzburg@spoe.at\">salzburg@spoe.at<\/a> . Die schnelle Entwicklung neuer Internet-Technologien machen von Zeit zu Zeit Anpassungen an unserem Haftungsausschluss erforderlich. An dieser Stelle werden Sie \u00fcber Neuerungen informiert. Diese Erkl\u00e4rung gilt f\u00fcr alle auf den Webseiten der Sozialdemokratischen Partei \u00d6sterreichs \u2013 Landesorganisation Salzburg angezeigten Links und f\u00fcr alle Inhalte der Seiten, zu denen diese Links f\u00fchren und zwar unabh\u00e4ngig davon, ob es sich um Text- oder Bannerlinks handelt.<\/p>\n","protected":false},"excerpt":{"rendered":"<p>Impressum &amp; Offenlegung gem. \u00a7\u00a7 24, 25 Mediengesetz sowie Anbieteridentifizierung gem. \u00a7 5\/1 ECG: Medieninhaberin, Herausgeberin und Eigent\u00fcmerin (zu 100%) Sozialdemokratische Partei \u00d6sterreichs &#8211; Landesorganisation Salzburg Wartelsteinstrasse 1 A-5020 Salzburg&hellip;<\/p>\n","protected":false},"author":1,"featured_media":0,"parent":0,"menu_order":0,"comment_status":"closed","ping_status":"closed","template":"","meta":{"_exactmetrics_skip_tracking":false,"_exactmetrics_sitenote_active":false,"_exactmetrics_sitenote_note":"","_exactmetrics_sitenote_category":0,"footnotes":"","_links_to":"","_links_to_target":""},"coauthors":[1271,1210],"class_list":["post-107","page","type-page","status-publish","hentry"],"_links":{"self":[{"href":"https:\/\/hallo-salzburg.at\/index.php\/wp-json\/wp\/v2\/pages\/107","targetHints":{"allow":["GET"]}}],"collection":[{"href":"https:\/\/hallo-salzburg.at\/index.php\/wp-json\/wp\/v2\/pages"}],"about":[{"href":"https:\/\/hallo-salzburg.at\/index.php\/wp-json\/wp\/v2\/types\/page"}],"author":[{"embeddable":true,"href":"https:\/\/hallo-salzburg.at\/index.php\/wp-json\/wp\/v2\/users\/1"}],"replies":[{"embeddable":true,"href":"https:\/\/hallo-salzburg.at\/index.php\/wp-json\/wp\/v2\/comments?post=107"}],"version-history":[{"count":16,"href":"https:\/\/hallo-salzburg.at\/index.php\/wp-json\/wp\/v2\/pages\/107\/revisions"}],"predecessor-version":[{"id":8325,"href":"https:\/\/hallo-salzburg.at\/index.php\/wp-json\/wp\/v2\/pages\/107\/revisions\/8325"}],"wp:attachment":[{"href":"https:\/\/hallo-salzburg.at\/index.php\/wp-json\/wp\/v2\/media?parent=107"}],"wp:term":[{"taxonomy":"author","embeddable":true,"href":"https:\/\/hallo-salzburg.at\/index.php\/wp-json\/wp\/v2\/coauthors?post=107"}],"curies":[{"name":"wp","href":"https:\/\/api.w.org\/{rel}","templated":true}]}}