{"id":2,"date":"2016-04-26T17:30:44","date_gmt":"2016-04-26T15:30:44","guid":{"rendered":"http:\/\/hallo-salzburg.at\/?page_id=2"},"modified":"2020-01-09T15:50:11","modified_gmt":"2020-01-09T14:50:11","slug":"menschen","status":"publish","type":"page","link":"https:\/\/hallo-salzburg.at\/index.php\/menschen\/","title":{"rendered":"Menschen"},"content":{"rendered":"<div id=\"fb-root\"><\/div>\n<h6 style=\"text-align: center;\"><img loading=\"lazy\" decoding=\"async\" class=\"alignnone wp-image-2439 size-large\" src=\"https:\/\/hallo-salzburg.at\/wp-content\/uploads\/2016\/04\/andi_1-1019x1024.jpg\" width=\"1019\" height=\"1024\" srcset=\"https:\/\/hallo-salzburg.at\/wp-content\/uploads\/2016\/04\/andi_1-1019x1024.jpg 1019w, https:\/\/hallo-salzburg.at\/wp-content\/uploads\/2016\/04\/andi_1-150x150.jpg 150w, https:\/\/hallo-salzburg.at\/wp-content\/uploads\/2016\/04\/andi_1-300x300.jpg 300w, https:\/\/hallo-salzburg.at\/wp-content\/uploads\/2016\/04\/andi_1-768x772.jpg 768w, https:\/\/hallo-salzburg.at\/wp-content\/uploads\/2016\/04\/andi_1-1170x1176.jpg 1170w, https:\/\/hallo-salzburg.at\/wp-content\/uploads\/2016\/04\/andi_1-440x442.jpg 440w, https:\/\/hallo-salzburg.at\/wp-content\/uploads\/2016\/04\/andi_1-585x588.jpg 585w, https:\/\/hallo-salzburg.at\/wp-content\/uploads\/2016\/04\/andi_1.jpg 1827w\" sizes=\"auto, (max-width: 1019px) 100vw, 1019px\" \/><span id=\"fbPhotoSnowliftCaption\" class=\"fbPhotosPhotoCaption\" tabindex=\"0\" data-ft=\"{&quot;tn&quot;:&quot;K&quot;}\"><\/span>Andreas Petutschnig (Studierender in Salzburg)<\/h6>\n<blockquote><p>Der Fokus der Verkehrspolitik liegt auf Individualverkehr und Pferdekutschen. Ich w\u00fcrde mir w\u00fcnschen, dass stattdessen die \u00f6ffentlichen Verkehrsmittel besser ausgebaut, erreichbar und bezahlbar sind.<\/p><\/blockquote>\n<hr \/>\n<h6 style=\"text-align: center;\"><img loading=\"lazy\" decoding=\"async\" class=\"alignnone wp-image-2397\" src=\"https:\/\/hallo-salzburg.at\/wp-content\/uploads\/2016\/04\/Dom_sch.png\" width=\"700\" height=\"700\" srcset=\"https:\/\/hallo-salzburg.at\/wp-content\/uploads\/2016\/04\/Dom_sch.png 589w, https:\/\/hallo-salzburg.at\/wp-content\/uploads\/2016\/04\/Dom_sch-150x150.png 150w, https:\/\/hallo-salzburg.at\/wp-content\/uploads\/2016\/04\/Dom_sch-300x300.png 300w, https:\/\/hallo-salzburg.at\/wp-content\/uploads\/2016\/04\/Dom_sch-440x440.png 440w, https:\/\/hallo-salzburg.at\/wp-content\/uploads\/2016\/04\/Dom_sch-585x585.png 585w\" sizes=\"auto, (max-width: 700px) 100vw, 700px\" \/><span id=\"fbPhotoSnowliftCaption\" class=\"fbPhotosPhotoCaption\" tabindex=\"0\" data-ft=\"{&quot;tn&quot;:&quot;K&quot;}\"><\/span>Dominik Schlair (Studierender in Salzburg)<\/h6>\n<blockquote><p>Allgemein st\u00f6ren mich die hohen Preise und das sehr einseitige \u00d6ffi-Angebot in Salzburg. So gibt es nur ans Netz angebundene O-Busse und es fehlen g\u00fcnstige Alternativen, mit denen man schnell aus der Stadt aufs Land rauskommt.<\/p><\/blockquote>\n<hr \/>\n<h6 style=\"text-align: center;\"><img loading=\"lazy\" decoding=\"async\" class=\"alignnone wp-image-2320 size-full\" src=\"https:\/\/hallo-salzburg.at\/wp-content\/uploads\/2016\/04\/15590152_576190385904071_4334086624937905444_n-2.png\" width=\"700\" height=\"700\" srcset=\"https:\/\/hallo-salzburg.at\/wp-content\/uploads\/2016\/04\/15590152_576190385904071_4334086624937905444_n-2.png 700w, https:\/\/hallo-salzburg.at\/wp-content\/uploads\/2016\/04\/15590152_576190385904071_4334086624937905444_n-2-150x150.png 150w, https:\/\/hallo-salzburg.at\/wp-content\/uploads\/2016\/04\/15590152_576190385904071_4334086624937905444_n-2-300x300.png 300w, https:\/\/hallo-salzburg.at\/wp-content\/uploads\/2016\/04\/15590152_576190385904071_4334086624937905444_n-2-440x440.png 440w, https:\/\/hallo-salzburg.at\/wp-content\/uploads\/2016\/04\/15590152_576190385904071_4334086624937905444_n-2-585x585.png 585w, https:\/\/hallo-salzburg.at\/wp-content\/uploads\/2016\/04\/15590152_576190385904071_4334086624937905444_n-2-640x640.png 640w\" sizes=\"auto, (max-width: 700px) 100vw, 700px\" \/><span id=\"fbPhotoSnowliftCaption\" class=\"fbPhotosPhotoCaption\" tabindex=\"0\" data-ft=\"{&quot;tn&quot;:&quot;K&quot;}\"><\/span>Martina (Studierende in Salzburg)<\/h6>\n<blockquote>\n<p style=\"text-align: center;\"><span id=\"fbPhotoSnowliftCaption\" class=\"fbPhotosPhotoCaption\" tabindex=\"0\" data-ft=\"{&quot;tn&quot;:&quot;K&quot;}\"><span class=\"hasCaption\"><span class=\"text_exposed_hide\"><span class=\"text_exposed_show\">Mich pers\u00f6nlich st\u00f6rt, dass es in Salzburg nicht viele Angebote f\u00fcr junge Menschen gibt. Gerade die Wohnungs- und \u00d6ffipreise sind sehr hoch. Zudem w\u00fcrde ich mir in Salzburg den Ausbau des kulturellen Angebots f\u00fcr junge Menschen w\u00fcnschen.<\/span><\/span><\/span><\/span><\/p>\n<\/blockquote>\n<hr \/>\n<h6 style=\"text-align: center;\"><img loading=\"lazy\" decoding=\"async\" class=\"alignnone wp-image-2287 size-large\" src=\"https:\/\/hallo-salzburg.at\/wp-content\/uploads\/2016\/04\/0Q3A1658-1024x1024.jpg\" width=\"1024\" height=\"1024\" srcset=\"https:\/\/hallo-salzburg.at\/wp-content\/uploads\/2016\/04\/0Q3A1658-1024x1024.jpg 1024w, https:\/\/hallo-salzburg.at\/wp-content\/uploads\/2016\/04\/0Q3A1658-150x150.jpg 150w, https:\/\/hallo-salzburg.at\/wp-content\/uploads\/2016\/04\/0Q3A1658-300x300.jpg 300w, https:\/\/hallo-salzburg.at\/wp-content\/uploads\/2016\/04\/0Q3A1658-768x768.jpg 768w, https:\/\/hallo-salzburg.at\/wp-content\/uploads\/2016\/04\/0Q3A1658-1170x1170.jpg 1170w, https:\/\/hallo-salzburg.at\/wp-content\/uploads\/2016\/04\/0Q3A1658-440x440.jpg 440w, https:\/\/hallo-salzburg.at\/wp-content\/uploads\/2016\/04\/0Q3A1658-585x585.jpg 585w, https:\/\/hallo-salzburg.at\/wp-content\/uploads\/2016\/04\/0Q3A1658-640x640.jpg 640w, https:\/\/hallo-salzburg.at\/wp-content\/uploads\/2016\/04\/0Q3A1658.jpg 2000w\" sizes=\"auto, (max-width: 1024px) 100vw, 1024px\" \/><span id=\"fbPhotoSnowliftCaption\" class=\"fbPhotosPhotoCaption\" tabindex=\"0\" data-ft=\"{&quot;tn&quot;:&quot;K&quot;}\"><\/span>Sepp Forcher<\/h6>\n<p style=\"text-align: center;\">Welchen Ratschlag w\u00fcrdest du jungen Menschen geben?<\/p>\n<blockquote>\n<p style=\"text-align: center;\"><span id=\"fbPhotoSnowliftCaption\" class=\"fbPhotosPhotoCaption\" tabindex=\"0\" data-ft=\"{&quot;tn&quot;:&quot;K&quot;}\"><span class=\"hasCaption\"><span class=\"text_exposed_hide\"><span class=\"text_exposed_show\">Aus politischer Sicht: Das Wahlrecht beherzigen. Es ist der der Ausdruck der pers\u00f6nlichen Freiheit des Demokraten.<br \/>\n<\/span><\/span><\/span><\/span><\/p>\n<\/blockquote>\n<hr \/>\n<p style=\"text-align: center;\"><img loading=\"lazy\" decoding=\"async\" class=\"alignnone wp-image-2271 size-full\" src=\"https:\/\/hallo-salzburg.at\/wp-content\/uploads\/2016\/04\/14725581_550439098479200_9681189149904858_n.jpg\" width=\"900\" height=\"900\" srcset=\"https:\/\/hallo-salzburg.at\/wp-content\/uploads\/2016\/04\/14725581_550439098479200_9681189149904858_n.jpg 900w, https:\/\/hallo-salzburg.at\/wp-content\/uploads\/2016\/04\/14725581_550439098479200_9681189149904858_n-150x150.jpg 150w, https:\/\/hallo-salzburg.at\/wp-content\/uploads\/2016\/04\/14725581_550439098479200_9681189149904858_n-300x300.jpg 300w, https:\/\/hallo-salzburg.at\/wp-content\/uploads\/2016\/04\/14725581_550439098479200_9681189149904858_n-768x768.jpg 768w, https:\/\/hallo-salzburg.at\/wp-content\/uploads\/2016\/04\/14725581_550439098479200_9681189149904858_n-440x440.jpg 440w, https:\/\/hallo-salzburg.at\/wp-content\/uploads\/2016\/04\/14725581_550439098479200_9681189149904858_n-585x585.jpg 585w, https:\/\/hallo-salzburg.at\/wp-content\/uploads\/2016\/04\/14725581_550439098479200_9681189149904858_n-640x640.jpg 640w\" sizes=\"auto, (max-width: 900px) 100vw, 900px\" \/><span id=\"fbPhotoSnowliftCaption\" class=\"fbPhotosPhotoCaption\" tabindex=\"0\" data-ft=\"{&quot;tn&quot;:&quot;K&quot;}\"><\/span><\/p>\n<h6 style=\"text-align: center;\">Katharina Erlacher (Salzburgerin)<\/h6>\n<blockquote>\n<p style=\"text-align: center;\"><span id=\"fbPhotoSnowliftCaption\" class=\"fbPhotosPhotoCaption\" tabindex=\"0\" data-ft=\"{&quot;tn&quot;:&quot;K&quot;}\"><span class=\"hasCaption\"><span class=\"text_exposed_hide\"><span class=\"text_exposed_show\">Ein gro\u00dfes Problem stellen f\u00fcr mich vor allem die stetig steigenden Wohnungs- und Lebenserhaltungskosten im Bundesland Salzburg dar. Ich w\u00fcrde mir daher von der Politik w\u00fcnschen, dass diesem Trend entgegen gewirkt wird.<\/span><\/span><\/span><\/span><\/p>\n<\/blockquote>\n<hr \/>\n<p style=\"text-align: center;\"><img loading=\"lazy\" decoding=\"async\" class=\"alignnone wp-image-2269 size-large\" src=\"https:\/\/hallo-salzburg.at\/wp-content\/uploads\/2016\/04\/2016-10-15-PA-5816_HS-1024x1024.png\" width=\"1024\" height=\"1024\" \/><span id=\"fbPhotoSnowliftCaption\" class=\"fbPhotosPhotoCaption\" tabindex=\"0\" data-ft=\"{&quot;tn&quot;:&quot;K&quot;}\"><\/span><\/p>\n<h6 style=\"text-align: center;\">J\u00f6rg Leichtfried <a href=\"https:\/\/www.bmvit.gv.at\/ministerium\/leichtfried\/index.html\" target=\"_blank\" rel=\"noopener noreferrer\">(Bundesminister f\u00fcr Verkehr, Innovation und Technologie)<\/a><br \/>\nim Zuge der Vorf\u00fchrung eines selbsfahrendes E-Busses in der Stadt Salzburg<\/h6>\n<blockquote>\n<p style=\"text-align: center;\"><span id=\"fbPhotoSnowliftCaption\" class=\"fbPhotosPhotoCaption\" tabindex=\"0\" data-ft=\"{&quot;tn&quot;:&quot;K&quot;}\"><span class=\"hasCaption\"><span class=\"text_exposed_hide\"><span class=\"text_exposed_show\">Das Sozialsystem in unserem Land. Wer Hilfe braucht, wird Hilfe erhalten &#8211; darauf waren wir Sozialdemokratinnen und sozialdemokraten immer stolz. In letzter Zeit gibt es in \u00d6sterreich leider Kr\u00e4fte, die unser Syste, der sozialen Sicherung angreifen und schw\u00e4chen wollen. F\u00fcr mich steht au\u00dfer Frage, dass jene Menschen, denen das Leben \u00fcbel mitspielt, unsere Unterst\u00fctzung bekommen. Das soll auch in Zukunft funktionieren. Darum geht&#8217;s!<br \/>\n(Antwort auf die Frage, was ihm besonders am Herzen liegt.)<br \/>\n<\/span><\/span><\/span><\/span><\/p>\n<\/blockquote>\n<hr \/>\n<p style=\"text-align: center;\"><img loading=\"lazy\" decoding=\"async\" class=\"alignnone wp-image-2255 size-full\" src=\"https:\/\/hallo-salzburg.at\/wp-content\/uploads\/2016\/04\/Nicolas_L.jpg\" width=\"900\" height=\"900\" srcset=\"https:\/\/hallo-salzburg.at\/wp-content\/uploads\/2016\/04\/Nicolas_L.jpg 900w, https:\/\/hallo-salzburg.at\/wp-content\/uploads\/2016\/04\/Nicolas_L-150x150.jpg 150w, https:\/\/hallo-salzburg.at\/wp-content\/uploads\/2016\/04\/Nicolas_L-300x300.jpg 300w, https:\/\/hallo-salzburg.at\/wp-content\/uploads\/2016\/04\/Nicolas_L-768x768.jpg 768w, https:\/\/hallo-salzburg.at\/wp-content\/uploads\/2016\/04\/Nicolas_L-440x440.jpg 440w, https:\/\/hallo-salzburg.at\/wp-content\/uploads\/2016\/04\/Nicolas_L-585x585.jpg 585w\" sizes=\"auto, (max-width: 900px) 100vw, 900px\" \/><span id=\"fbPhotoSnowliftCaption\" class=\"fbPhotosPhotoCaption\" tabindex=\"0\" data-ft=\"{&quot;tn&quot;:&quot;K&quot;}\"><\/span><\/p>\n<h6 style=\"text-align: center;\">Nick vom <a href=\"http:\/\/www.musikladen.at\/\" target=\"_blank\" rel=\"noopener noreferrer\">Musikladen<\/a><\/h6>\n<blockquote>\n<p style=\"text-align: center;\"><span id=\"fbPhotoSnowliftCaption\" class=\"fbPhotosPhotoCaption\" tabindex=\"0\" data-ft=\"{&quot;tn&quot;:&quot;K&quot;}\"><span class=\"hasCaption\"><span class=\"text_exposed_hide\"><span class=\"text_exposed_show\">Die Verkehrssituation in Salzburg stellt leider immer noch ein Problem dar. Es fehlt ein gut funktionierendes Verkehrsnetz in Salzburg. Dadurch geht die Kaufkraft in der Stadt verloren. Das f\u00fchrt dazu, dass in der Innenstadt nur Souvenirl\u00e4den \u00fcbrig bleiben.<\/span><\/span><\/span><\/span><\/p>\n<\/blockquote>\n<hr \/>\n<p style=\"text-align: center;\"><img loading=\"lazy\" decoding=\"async\" class=\"alignnone wp-image-2244 size-full\" src=\"https:\/\/hallo-salzburg.at\/wp-content\/uploads\/2016\/04\/14925473_560192424170534_8144919492061874477_n.jpg\" width=\"900\" height=\"900\" srcset=\"https:\/\/hallo-salzburg.at\/wp-content\/uploads\/2016\/04\/14925473_560192424170534_8144919492061874477_n.jpg 900w, https:\/\/hallo-salzburg.at\/wp-content\/uploads\/2016\/04\/14925473_560192424170534_8144919492061874477_n-150x150.jpg 150w, https:\/\/hallo-salzburg.at\/wp-content\/uploads\/2016\/04\/14925473_560192424170534_8144919492061874477_n-300x300.jpg 300w, https:\/\/hallo-salzburg.at\/wp-content\/uploads\/2016\/04\/14925473_560192424170534_8144919492061874477_n-768x768.jpg 768w, https:\/\/hallo-salzburg.at\/wp-content\/uploads\/2016\/04\/14925473_560192424170534_8144919492061874477_n-440x440.jpg 440w, https:\/\/hallo-salzburg.at\/wp-content\/uploads\/2016\/04\/14925473_560192424170534_8144919492061874477_n-585x585.jpg 585w\" sizes=\"auto, (max-width: 900px) 100vw, 900px\" \/><span id=\"fbPhotoSnowliftCaption\" class=\"fbPhotosPhotoCaption\" tabindex=\"0\" data-ft=\"{&quot;tn&quot;:&quot;K&quot;}\"><\/span><\/p>\n<h6 style=\"text-align: center;\">Andrew Makowicki<br \/>\n(US-Amerikaner, lebt in der Stadt Salzburg)<\/h6>\n<blockquote>\n<p style=\"text-align: center;\"><span id=\"fbPhotoSnowliftCaption\" class=\"fbPhotosPhotoCaption\" tabindex=\"0\" data-ft=\"{&quot;tn&quot;:&quot;K&quot;}\"><span class=\"hasCaption\"><span class=\"text_exposed_hide\"><span class=\"text_exposed_show\">It would be nice to see more live string bands in the nightlife with a less conservative environment within the City. The City should also bring back the benches at the main station. Removing the benches does not permanently solve the problem. It just moves individuals, groups, and the whole situation to another part of the City.<\/span><\/span><\/span><\/span><\/p>\n<\/blockquote>\n<hr \/>\n<p style=\"text-align: center;\"><img loading=\"lazy\" decoding=\"async\" class=\"alignnone wp-image-2241 size-full\" src=\"https:\/\/hallo-salzburg.at\/wp-content\/uploads\/2016\/04\/14915528_556979287825181_736651631795251231_n.jpg\" width=\"960\" height=\"960\" srcset=\"https:\/\/hallo-salzburg.at\/wp-content\/uploads\/2016\/04\/14915528_556979287825181_736651631795251231_n.jpg 960w, https:\/\/hallo-salzburg.at\/wp-content\/uploads\/2016\/04\/14915528_556979287825181_736651631795251231_n-150x150.jpg 150w, https:\/\/hallo-salzburg.at\/wp-content\/uploads\/2016\/04\/14915528_556979287825181_736651631795251231_n-300x300.jpg 300w, https:\/\/hallo-salzburg.at\/wp-content\/uploads\/2016\/04\/14915528_556979287825181_736651631795251231_n-768x768.jpg 768w, https:\/\/hallo-salzburg.at\/wp-content\/uploads\/2016\/04\/14915528_556979287825181_736651631795251231_n-440x440.jpg 440w, https:\/\/hallo-salzburg.at\/wp-content\/uploads\/2016\/04\/14915528_556979287825181_736651631795251231_n-585x585.jpg 585w\" sizes=\"auto, (max-width: 960px) 100vw, 960px\" \/><span id=\"fbPhotoSnowliftCaption\" class=\"fbPhotosPhotoCaption\" tabindex=\"0\" data-ft=\"{&quot;tn&quot;:&quot;K&quot;}\"><\/span><\/p>\n<h6 style=\"text-align: center;\">Robert Misik , Journalist, <a href=\"http:\/\/misik.at\/\" target=\"_blank\" rel=\"noopener noreferrer\">Blogger<\/a> &amp; Autor<br \/>\nim Zuge einer Gastvorlesung an der Uni Salzburg<\/h6>\n<blockquote>\n<p style=\"text-align: center;\"><span id=\"fbPhotoSnowliftCaption\" class=\"fbPhotosPhotoCaption\" tabindex=\"0\" data-ft=\"{&quot;tn&quot;:&quot;K&quot;}\"><span class=\"hasCaption\"><span class=\"text_exposed_hide\"><span class=\"text_exposed_show\">Derzeit besch\u00e4ftigt mich am meisten, dass ich jetzt f\u00fcr 3 Stunden nach Salzburg gefahren bin, um eine Vorlesung zu halten. Danach geht es nach Wien zur\u00fcck und dann weiter nach Athen bzw. Stockholm.<br \/>\nDas bedeutet sehr viel Arbeit &#8211; ein modernes Freelancer-Leben eben &#8211; mit 1000 Dingen, die teilweise auch gar nichts miteinander zu tun haben.&#8221;<\/span><\/span><\/span><\/span><\/p>\n<\/blockquote>\n<hr \/>\n<p style=\"text-align: center;\"><img loading=\"lazy\" decoding=\"async\" class=\"aligncenter wp-image-2237\" src=\"https:\/\/hallo-salzburg.at\/wp-content\/uploads\/2016\/04\/14718609_554304658092644_8693206636672123795_n.jpg\" alt=\"14718609_554304658092644_8693206636672123795_n\" width=\"960\" height=\"960\" srcset=\"https:\/\/hallo-salzburg.at\/wp-content\/uploads\/2016\/04\/14718609_554304658092644_8693206636672123795_n.jpg 754w, https:\/\/hallo-salzburg.at\/wp-content\/uploads\/2016\/04\/14718609_554304658092644_8693206636672123795_n-150x150.jpg 150w, https:\/\/hallo-salzburg.at\/wp-content\/uploads\/2016\/04\/14718609_554304658092644_8693206636672123795_n-300x300.jpg 300w, https:\/\/hallo-salzburg.at\/wp-content\/uploads\/2016\/04\/14718609_554304658092644_8693206636672123795_n-440x440.jpg 440w, https:\/\/hallo-salzburg.at\/wp-content\/uploads\/2016\/04\/14718609_554304658092644_8693206636672123795_n-585x585.jpg 585w\" sizes=\"auto, (max-width: 960px) 100vw, 960px\" \/><span id=\"fbPhotoSnowliftCaption\" class=\"fbPhotosPhotoCaption\" tabindex=\"0\" data-ft=\"{&quot;tn&quot;:&quot;K&quot;}\"><\/span><\/p>\n<h6 style=\"text-align: center;\">Phil Zezula, <a href=\"http:\/\/www.academy-salzburg.at\/the-bar\/\" target=\"_blank\" rel=\"noopener noreferrer\">Academy-Bar Salzburg<\/a><\/h6>\n<blockquote>\n<p style=\"text-align: center;\"><span id=\"fbPhotoSnowliftCaption\" class=\"fbPhotosPhotoCaption\" tabindex=\"0\" data-ft=\"{&quot;tn&quot;:&quot;K&quot;}\"><span class=\"hasCaption\">Ich w\u00fcnsche mir eine lebendige Stadt f\u00fcr die lokale Bev\u00f6lkerung, weshalb f\u00fcr mich der gro\u00dfimportierte Massentourismus ein Problem darstellt. Mir ist bewusst, dass der Tourismus f\u00fcr die Salzburger Wirtschaft sehr wichtig ist, jedoch darf er nicht auf Kosten der lokalen Bev\u00f6lkerung passieren. Au\u00dferdem habe ich den Eindruck, dass er den kleinen und mittleren Betrieben eher wenig bringt. Daher w\u00fcrde <span class=\"text_exposed_hide\"><span class=\"text_exposed_show\">ich mir von der Landespolitik w\u00fcnschen, auch kleine, lokale Betriebe zu unterst\u00fctzen. Wie die meisten Salzburger und Salzburgerinnen bin ich von der Verkehrssituation genervt. Ich verstehe nicht, warum die Fahrverbotszone nur w\u00e4hrend der Festspielzeit gilt und es noch immer kein funktionierendes Park&amp;Ride System gibt.<\/span><\/span><\/span><\/span><\/p>\n<\/blockquote>\n","protected":false},"excerpt":{"rendered":"<p>Andreas Petutschnig (Studierender in Salzburg) Der Fokus der Verkehrspolitik liegt auf Individualverkehr und Pferdekutschen. Ich w\u00fcrde mir w\u00fcnschen, dass stattdessen die \u00f6ffentlichen Verkehrsmittel besser ausgebaut, erreichbar und bezahlbar sind. Dominik&hellip;<\/p>\n","protected":false},"author":3,"featured_media":0,"parent":0,"menu_order":0,"comment_status":"closed","ping_status":"closed","template":"page-sidebar.php","meta":{"_exactmetrics_skip_tracking":false,"_exactmetrics_sitenote_active":false,"_exactmetrics_sitenote_note":"","_exactmetrics_sitenote_category":0,"footnotes":"","_links_to":"","_links_to_target":""},"coauthors":[1210],"class_list":["post-2","page","type-page","status-publish","hentry"],"_links":{"self":[{"href":"https:\/\/hallo-salzburg.at\/index.php\/wp-json\/wp\/v2\/pages\/2","targetHints":{"allow":["GET"]}}],"collection":[{"href":"https:\/\/hallo-salzburg.at\/index.php\/wp-json\/wp\/v2\/pages"}],"about":[{"href":"https:\/\/hallo-salzburg.at\/index.php\/wp-json\/wp\/v2\/types\/page"}],"author":[{"embeddable":true,"href":"https:\/\/hallo-salzburg.at\/index.php\/wp-json\/wp\/v2\/users\/3"}],"replies":[{"embeddable":true,"href":"https:\/\/hallo-salzburg.at\/index.php\/wp-json\/wp\/v2\/comments?post=2"}],"version-history":[{"count":21,"href":"https:\/\/hallo-salzburg.at\/index.php\/wp-json\/wp\/v2\/pages\/2\/revisions"}],"predecessor-version":[{"id":5490,"href":"https:\/\/hallo-salzburg.at\/index.php\/wp-json\/wp\/v2\/pages\/2\/revisions\/5490"}],"wp:attachment":[{"href":"https:\/\/hallo-salzburg.at\/index.php\/wp-json\/wp\/v2\/media?parent=2"}],"wp:term":[{"taxonomy":"author","embeddable":true,"href":"https:\/\/hallo-salzburg.at\/index.php\/wp-json\/wp\/v2\/coauthors?post=2"}],"curies":[{"name":"wp","href":"https:\/\/api.w.org\/{rel}","templated":true}]}}