{"id":4621,"date":"2017-11-29T15:28:50","date_gmt":"2017-11-29T14:28:50","guid":{"rendered":"http:\/\/hallo-salzburg.at\/?page_id=4621"},"modified":"2017-12-05T15:12:50","modified_gmt":"2017-12-05T14:12:50","slug":"umfrage-an-alle-nichtwaehler_innen-bei-der-buergermeisterwahl-am-26-november-2017","status":"publish","type":"page","link":"https:\/\/hallo-salzburg.at\/index.php\/umfrage-an-alle-nichtwaehler_innen-bei-der-buergermeisterwahl-am-26-november-2017\/","title":{"rendered":"Umfrage: Ich habe nicht gew\u00e4hlt, weil&#8230;"},"content":{"rendered":"<div id=\"fb-root\"><\/div>\n<p><em>Diese (anonyme) Umfrage richtet sich an alle Wahlberechtigten in der Stadt Salzburg, die bei der B\u00fcrgermeisterwahl am 26. November 2017 NICHT von Ihrem Wahlrecht Gebrauch gemacht haben. F\u00fcr jene, die gew\u00e4hlt haben, gibt es <a href=\"http:\/\/hallo-salzburg.at\/index.php\/umfrage-ich-habe-gewaehlt-weil\/\">HIER<\/a> ebenfalls eine Umfrage.<br \/>\n<\/em><\/p>\n<hr \/>\n<div id=\"polls-5\" class=\"wp-polls\">\n\t<form id=\"polls_form_5\" class=\"wp-polls-form\" action=\"\/index.php\" method=\"post\">\n\t\t<p style=\"display: none;\"><input type=\"hidden\" id=\"poll_5_nonce\" name=\"wp-polls-nonce\" value=\"feb3c94aa1\" \/><\/p>\n\t\t<p style=\"display: none;\"><input type=\"hidden\" name=\"poll_id\" value=\"5\" \/><\/p>\n\t\t<p style=\"text-align: center;\"><strong>Ich habe am 26. November 2017 nicht gew\u00e4hlt, weil...<\/strong><\/p><div id=\"polls-5-ans\" class=\"wp-polls-ans\"><ul class=\"wp-polls-ul\">\n\t\t<li><input type=\"radio\" id=\"poll-answer-14\" name=\"poll_5\" value=\"14\" \/> <label for=\"poll-answer-14\">mich (Kommunal-)Politik nicht interessiert.<\/label><\/li>\n\t\t<li><input type=\"radio\" id=\"poll-answer-15\" name=\"poll_5\" value=\"15\" \/> <label for=\"poll-answer-15\">mich niemand der Kandidat_innen \u00fcberzeugen konnte.<\/label><\/li>\n\t\t<li><input type=\"radio\" id=\"poll-answer-16\" name=\"poll_5\" value=\"16\" \/> <label for=\"poll-answer-16\">weil mich Politik mitterweile frustriert  \/ (und) ich glaube, dass meine Stimme ohnehin keinen Unterschied macht.<\/label><\/li>\n\t\t<li><input type=\"radio\" id=\"poll-answer-17\" name=\"poll_5\" value=\"17\" \/> <label for=\"poll-answer-17\">ich gar nicht wusste, dass gew\u00e4hlt wird.<\/label><\/li>\n\t\t<li><input type=\"radio\" id=\"poll-answer-18\" name=\"poll_5\" value=\"18\" \/> <label for=\"poll-answer-18\">ich darauf vergessen habe.<\/label><\/li>\n\t\t<li><input type=\"radio\" id=\"poll-answer-19\" name=\"poll_5\" value=\"19\" \/> <label for=\"poll-answer-19\">ich davon ausgegangen bin, dass es sowieso zur Stichwahl kommt. Bei dieser werde ich von meinem Wahlrecht Gebrauch machen.<\/label><\/li>\n\t\t<li><input type=\"radio\" id=\"poll-answer-20\" name=\"poll_5\" value=\"20\" \/> <label for=\"poll-answer-20\">weil ich krank war bzw. anderw\u00e4rtig verhindert und keine Wahlkarte (Briefwahl) beantragt hatte.<\/label><\/li>\n\t\t<li><input type=\"radio\" id=\"poll-answer-21\" name=\"poll_5\" value=\"21\" \/> <label for=\"poll-answer-21\">in anderthalb Jahren sowieso wieder Gemeinderatswahl ist.<\/label><\/li>\n\t\t<li><input type=\"radio\" id=\"poll-answer-22\" name=\"poll_5\" value=\"22\" \/> <label for=\"poll-answer-22\">ich einen anderen Grund hatte (wir freuen uns \u00fcber Ihren Kommentar).<\/label><\/li>\n\t\t<\/ul><p style=\"text-align: center;\"><input type=\"button\" name=\"vote\" value=\"   Vote   \" class=\"Buttons\" onclick=\"poll_vote(5);\" \/><\/p><p style=\"text-align: center;\"><a href=\"#ViewPollResults\" onclick=\"poll_result(5); return false;\" title=\"View Results Of This Poll\">View Results<\/a><\/p><\/div>\n\t<\/form>\n<\/div>\n<div id=\"polls-5-loading\" class=\"wp-polls-loading\"><img loading=\"lazy\" decoding=\"async\" src=\"https:\/\/hallo-salzburg.at\/wp-content\/plugins\/wp-polls\/images\/loading.gif\" width=\"16\" height=\"16\" alt=\"Wird geladen ...\" title=\"Wird geladen ...\" class=\"wp-polls-image\" \/>&nbsp;Wird geladen ...<\/div>\n\n<div id=\"polls-19\" class=\"wp-polls\">\n\t<form id=\"polls_form_19\" class=\"wp-polls-form\" action=\"\/index.php\" method=\"post\">\n\t\t<p style=\"display: none;\"><input type=\"hidden\" id=\"poll_19_nonce\" name=\"wp-polls-nonce\" value=\"ed31b4a07d\" \/><\/p>\n\t\t<p style=\"display: none;\"><input type=\"hidden\" name=\"poll_id\" value=\"19\" \/><\/p>\n\t\t<p style=\"text-align: center;\"><strong>Wie h\u00e4ufig bleiben Sie der Wahlurne fern?<\/strong><\/p><div id=\"polls-19-ans\" class=\"wp-polls-ans\"><ul class=\"wp-polls-ul\">\n\t\t<li><input type=\"radio\" id=\"poll-answer-71\" name=\"poll_19\" value=\"71\" \/> <label for=\"poll-answer-71\">Das war das erste Mal, dass ich nicht gew\u00e4hlt habe.<\/label><\/li>\n\t\t<li><input type=\"radio\" id=\"poll-answer-72\" name=\"poll_19\" value=\"72\" \/> <label for=\"poll-answer-72\">Ich w\u00e4hle schon lange nicht mehr.<\/label><\/li>\n\t\t<li><input type=\"radio\" id=\"poll-answer-73\" name=\"poll_19\" value=\"73\" \/> <label for=\"poll-answer-73\">Ich habe noch nie gew\u00e4hlt.<\/label><\/li>\n\t\t<li><input type=\"radio\" id=\"poll-answer-74\" name=\"poll_19\" value=\"74\" \/> <label for=\"poll-answer-74\">Kann ich nicht genau sagen. Ich entscheide immer von Wahl zu Wahl.<\/label><\/li>\n\t\t<li><input type=\"radio\" id=\"poll-answer-75\" name=\"poll_19\" value=\"75\" \/> <label for=\"poll-answer-75\">Selten.<\/label><\/li>\n\t\t<li><input type=\"radio\" id=\"poll-answer-76\" name=\"poll_19\" value=\"76\" \/> <label for=\"poll-answer-76\">H\u00e4ufig.<\/label><\/li>\n\t\t<\/ul><p style=\"text-align: center;\"><input type=\"button\" name=\"vote\" value=\"   Vote   \" class=\"Buttons\" onclick=\"poll_vote(19);\" \/><\/p><p style=\"text-align: center;\"><a href=\"#ViewPollResults\" onclick=\"poll_result(19); return false;\" title=\"View Results Of This Poll\">View Results<\/a><\/p><\/div>\n\t<\/form>\n<\/div>\n<div id=\"polls-19-loading\" class=\"wp-polls-loading\"><img loading=\"lazy\" decoding=\"async\" src=\"https:\/\/hallo-salzburg.at\/wp-content\/plugins\/wp-polls\/images\/loading.gif\" width=\"16\" height=\"16\" alt=\"Wird geladen ...\" title=\"Wird geladen ...\" class=\"wp-polls-image\" \/>&nbsp;Wird geladen ...<\/div>\n\n<div id=\"polls-7\" class=\"wp-polls\">\n\t<form id=\"polls_form_7\" class=\"wp-polls-form\" action=\"\/index.php\" method=\"post\">\n\t\t<p style=\"display: none;\"><input type=\"hidden\" id=\"poll_7_nonce\" name=\"wp-polls-nonce\" value=\"ea447e8c93\" \/><\/p>\n\t\t<p style=\"display: none;\"><input type=\"hidden\" name=\"poll_id\" value=\"7\" \/><\/p>\n\t\t<p style=\"text-align: center;\"><strong>Wie hoch ist die Wahrscheinlichkeit, dass Sie an der Stichwahl am 10. Dezember von Ihrem Wahlrecht Gebrauch machen?<\/strong><\/p><div id=\"polls-7-ans\" class=\"wp-polls-ans\"><ul class=\"wp-polls-ul\">\n\t\t<li><input type=\"radio\" id=\"poll-answer-28\" name=\"poll_7\" value=\"28\" \/> <label for=\"poll-answer-28\">Sicher\/sehr wahrscheinlich.<\/label><\/li>\n\t\t<li><input type=\"radio\" id=\"poll-answer-29\" name=\"poll_7\" value=\"29\" \/> <label for=\"poll-answer-29\">Wahrscheinlich.<\/label><\/li>\n\t\t<li><input type=\"radio\" id=\"poll-answer-30\" name=\"poll_7\" value=\"30\" \/> <label for=\"poll-answer-30\">Vielleicht.<\/label><\/li>\n\t\t<li><input type=\"radio\" id=\"poll-answer-31\" name=\"poll_7\" value=\"31\" \/> <label for=\"poll-answer-31\">Eher nicht.<\/label><\/li>\n\t\t<li><input type=\"radio\" id=\"poll-answer-32\" name=\"poll_7\" value=\"32\" \/> <label for=\"poll-answer-32\">Ganz sicher nicht.<\/label><\/li>\n\t\t<\/ul><p style=\"text-align: center;\"><input type=\"button\" name=\"vote\" value=\"   Vote   \" class=\"Buttons\" onclick=\"poll_vote(7);\" \/><\/p><p style=\"text-align: center;\"><a href=\"#ViewPollResults\" onclick=\"poll_result(7); return false;\" title=\"View Results Of This Poll\">View Results<\/a><\/p><\/div>\n\t<\/form>\n<\/div>\n<div id=\"polls-7-loading\" class=\"wp-polls-loading\"><img loading=\"lazy\" decoding=\"async\" src=\"https:\/\/hallo-salzburg.at\/wp-content\/plugins\/wp-polls\/images\/loading.gif\" width=\"16\" height=\"16\" alt=\"Wird geladen ...\" title=\"Wird geladen ...\" class=\"wp-polls-image\" \/>&nbsp;Wird geladen ...<\/div>\n\n<div id=\"polls-8\" class=\"wp-polls\">\n\t<form id=\"polls_form_8\" class=\"wp-polls-form\" action=\"\/index.php\" method=\"post\">\n\t\t<p style=\"display: none;\"><input type=\"hidden\" id=\"poll_8_nonce\" name=\"wp-polls-nonce\" value=\"977ed1e78a\" \/><\/p>\n\t\t<p style=\"display: none;\"><input type=\"hidden\" name=\"poll_id\" value=\"8\" \/><\/p>\n\t\t<p style=\"text-align: center;\"><strong>Warum haben Sie keinen leeren Stimmzettel abgegeben?<\/strong><\/p><div id=\"polls-8-ans\" class=\"wp-polls-ans\"><ul class=\"wp-polls-ul\">\n\t\t<li><input type=\"radio\" id=\"poll-answer-33\" name=\"poll_8\" value=\"33\" \/> <label for=\"poll-answer-33\">Ich hatte eine Pr\u00e4ferenz. Der Grund, nicht zur Wahl zu gehen, hatte nichts damit zu tun.<\/label><\/li>\n\t\t<li><input type=\"radio\" id=\"poll-answer-34\" name=\"poll_8\" value=\"34\" \/> <label for=\"poll-answer-34\">Weil es f\u00fcr mich keinen Unterschied macht.<\/label><\/li>\n\t\t<li><input type=\"radio\" id=\"poll-answer-35\" name=\"poll_8\" value=\"35\" \/> <label for=\"poll-answer-35\">Kein Interesse.<\/label><\/li>\n\t\t<\/ul><p style=\"text-align: center;\"><input type=\"button\" name=\"vote\" value=\"   Vote   \" class=\"Buttons\" onclick=\"poll_vote(8);\" \/><\/p><p style=\"text-align: center;\"><a href=\"#ViewPollResults\" onclick=\"poll_result(8); return false;\" title=\"View Results Of This Poll\">View Results<\/a><\/p><\/div>\n\t<\/form>\n<\/div>\n<div id=\"polls-8-loading\" class=\"wp-polls-loading\"><img loading=\"lazy\" decoding=\"async\" src=\"https:\/\/hallo-salzburg.at\/wp-content\/plugins\/wp-polls\/images\/loading.gif\" width=\"16\" height=\"16\" alt=\"Wird geladen ...\" title=\"Wird geladen ...\" class=\"wp-polls-image\" \/>&nbsp;Wird geladen ...<\/div>\n\n<div id=\"polls-9\" class=\"wp-polls\">\n\t<form id=\"polls_form_9\" class=\"wp-polls-form\" action=\"\/index.php\" method=\"post\">\n\t\t<p style=\"display: none;\"><input type=\"hidden\" id=\"poll_9_nonce\" name=\"wp-polls-nonce\" value=\"5715f01aff\" \/><\/p>\n\t\t<p style=\"display: none;\"><input type=\"hidden\" name=\"poll_id\" value=\"9\" \/><\/p>\n\t\t<p style=\"text-align: center;\"><strong>Stimmen Sie folgender Aussage zu? \"Die Demokratie ist die beste Regierungsform\"<\/strong><\/p><div id=\"polls-9-ans\" class=\"wp-polls-ans\"><ul class=\"wp-polls-ul\">\n\t\t<li><input type=\"radio\" id=\"poll-answer-36\" name=\"poll_9\" value=\"36\" \/> <label for=\"poll-answer-36\">Ja.<\/label><\/li>\n\t\t<li><input type=\"radio\" id=\"poll-answer-37\" name=\"poll_9\" value=\"37\" \/> <label for=\"poll-answer-37\">Nein.<\/label><\/li>\n\t\t<li><input type=\"radio\" id=\"poll-answer-38\" name=\"poll_9\" value=\"38\" \/> <label for=\"poll-answer-38\">Dazu habe ich keine Meinung.<\/label><\/li>\n\t\t<li><input type=\"radio\" id=\"poll-answer-39\" name=\"poll_9\" value=\"39\" \/> <label for=\"poll-answer-39\">Ich zweifle daran\/bin mir nicht sicher.<\/label><\/li>\n\t\t<\/ul><p style=\"text-align: center;\"><input type=\"button\" name=\"vote\" value=\"   Vote   \" class=\"Buttons\" onclick=\"poll_vote(9);\" \/><\/p><p style=\"text-align: center;\"><a href=\"#ViewPollResults\" onclick=\"poll_result(9); return false;\" title=\"View Results Of This Poll\">View Results<\/a><\/p><\/div>\n\t<\/form>\n<\/div>\n<div id=\"polls-9-loading\" class=\"wp-polls-loading\"><img loading=\"lazy\" decoding=\"async\" src=\"https:\/\/hallo-salzburg.at\/wp-content\/plugins\/wp-polls\/images\/loading.gif\" width=\"16\" height=\"16\" alt=\"Wird geladen ...\" title=\"Wird geladen ...\" class=\"wp-polls-image\" \/>&nbsp;Wird geladen ...<\/div>\n\n<div id=\"polls-10\" class=\"wp-polls\">\n\t<form id=\"polls_form_10\" class=\"wp-polls-form\" action=\"\/index.php\" method=\"post\">\n\t\t<p style=\"display: none;\"><input type=\"hidden\" id=\"poll_10_nonce\" name=\"wp-polls-nonce\" value=\"30bea257b2\" \/><\/p>\n\t\t<p style=\"display: none;\"><input type=\"hidden\" name=\"poll_id\" value=\"10\" \/><\/p>\n\t\t<p style=\"text-align: center;\"><strong>Haben Sie ein schlechtes Gewissen, wenn sie nicht zur Wahl gehen?<\/strong><\/p><div id=\"polls-10-ans\" class=\"wp-polls-ans\"><ul class=\"wp-polls-ul\">\n\t\t<li><input type=\"radio\" id=\"poll-answer-40\" name=\"poll_10\" value=\"40\" \/> <label for=\"poll-answer-40\">Ja.<\/label><\/li>\n\t\t<li><input type=\"radio\" id=\"poll-answer-41\" name=\"poll_10\" value=\"41\" \/> <label for=\"poll-answer-41\">Nein.<\/label><\/li>\n\t\t<\/ul><p style=\"text-align: center;\"><input type=\"button\" name=\"vote\" value=\"   Vote   \" class=\"Buttons\" onclick=\"poll_vote(10);\" \/><\/p><p style=\"text-align: center;\"><a href=\"#ViewPollResults\" onclick=\"poll_result(10); return false;\" title=\"View Results Of This Poll\">View Results<\/a><\/p><\/div>\n\t<\/form>\n<\/div>\n<div id=\"polls-10-loading\" class=\"wp-polls-loading\"><img loading=\"lazy\" decoding=\"async\" src=\"https:\/\/hallo-salzburg.at\/wp-content\/plugins\/wp-polls\/images\/loading.gif\" width=\"16\" height=\"16\" alt=\"Wird geladen ...\" title=\"Wird geladen ...\" class=\"wp-polls-image\" \/>&nbsp;Wird geladen ...<\/div>\n\n<div id=\"polls-11\" class=\"wp-polls\">\n\t<form id=\"polls_form_11\" class=\"wp-polls-form\" action=\"\/index.php\" method=\"post\">\n\t\t<p style=\"display: none;\"><input type=\"hidden\" id=\"poll_11_nonce\" name=\"wp-polls-nonce\" value=\"0d93efdec0\" \/><\/p>\n\t\t<p style=\"display: none;\"><input type=\"hidden\" name=\"poll_id\" value=\"11\" \/><\/p>\n\t\t<p style=\"text-align: center;\"><strong>Sollte es eine Wahlpflicht geben?<\/strong><\/p><div id=\"polls-11-ans\" class=\"wp-polls-ans\"><ul class=\"wp-polls-ul\">\n\t\t<li><input type=\"radio\" id=\"poll-answer-42\" name=\"poll_11\" value=\"42\" \/> <label for=\"poll-answer-42\">Ja.<\/label><\/li>\n\t\t<li><input type=\"radio\" id=\"poll-answer-43\" name=\"poll_11\" value=\"43\" \/> <label for=\"poll-answer-43\">Nein.<\/label><\/li>\n\t\t<li><input type=\"radio\" id=\"poll-answer-44\" name=\"poll_11\" value=\"44\" \/> <label for=\"poll-answer-44\">Ich habe dazu keine Meinung.<\/label><\/li>\n\t\t<\/ul><p style=\"text-align: center;\"><input type=\"button\" name=\"vote\" value=\"   Vote   \" class=\"Buttons\" onclick=\"poll_vote(11);\" \/><\/p><p style=\"text-align: center;\"><a href=\"#ViewPollResults\" onclick=\"poll_result(11); return false;\" title=\"View Results Of This Poll\">View Results<\/a><\/p><\/div>\n\t<\/form>\n<\/div>\n<div id=\"polls-11-loading\" class=\"wp-polls-loading\"><img loading=\"lazy\" decoding=\"async\" src=\"https:\/\/hallo-salzburg.at\/wp-content\/plugins\/wp-polls\/images\/loading.gif\" width=\"16\" height=\"16\" alt=\"Wird geladen ...\" title=\"Wird geladen ...\" class=\"wp-polls-image\" \/>&nbsp;Wird geladen ...<\/div>\n\n","protected":false},"excerpt":{"rendered":"<p>Diese (anonyme) Umfrage richtet sich an alle Wahlberechtigten in der Stadt Salzburg, die bei der B\u00fcrgermeisterwahl am 26. November 2017 NICHT von Ihrem Wahlrecht Gebrauch gemacht haben. F\u00fcr jene, die&hellip;<\/p>\n","protected":false},"author":3,"featured_media":4634,"parent":0,"menu_order":0,"comment_status":"open","ping_status":"closed","template":"page-sidebar.php","meta":{"_exactmetrics_skip_tracking":false,"_exactmetrics_sitenote_active":false,"_exactmetrics_sitenote_note":"","_exactmetrics_sitenote_category":0,"footnotes":"","_links_to":"","_links_to_target":""},"coauthors":[1210],"class_list":["post-4621","page","type-page","status-publish","has-post-thumbnail","hentry"],"_links":{"self":[{"href":"https:\/\/hallo-salzburg.at\/index.php\/wp-json\/wp\/v2\/pages\/4621","targetHints":{"allow":["GET"]}}],"collection":[{"href":"https:\/\/hallo-salzburg.at\/index.php\/wp-json\/wp\/v2\/pages"}],"about":[{"href":"https:\/\/hallo-salzburg.at\/index.php\/wp-json\/wp\/v2\/types\/page"}],"author":[{"embeddable":true,"href":"https:\/\/hallo-salzburg.at\/index.php\/wp-json\/wp\/v2\/users\/3"}],"replies":[{"embeddable":true,"href":"https:\/\/hallo-salzburg.at\/index.php\/wp-json\/wp\/v2\/comments?post=4621"}],"version-history":[{"count":8,"href":"https:\/\/hallo-salzburg.at\/index.php\/wp-json\/wp\/v2\/pages\/4621\/revisions"}],"predecessor-version":[{"id":4649,"href":"https:\/\/hallo-salzburg.at\/index.php\/wp-json\/wp\/v2\/pages\/4621\/revisions\/4649"}],"wp:featuredmedia":[{"embeddable":true,"href":"https:\/\/hallo-salzburg.at\/index.php\/wp-json\/wp\/v2\/media\/4634"}],"wp:attachment":[{"href":"https:\/\/hallo-salzburg.at\/index.php\/wp-json\/wp\/v2\/media?parent=4621"}],"wp:term":[{"taxonomy":"author","embeddable":true,"href":"https:\/\/hallo-salzburg.at\/index.php\/wp-json\/wp\/v2\/coauthors?post=4621"}],"curies":[{"name":"wp","href":"https:\/\/api.w.org\/{rel}","templated":true}]}}